{"id":5916,"date":"2024-09-24T14:03:51","date_gmt":"2024-09-24T12:03:51","guid":{"rendered":"http:\/\/dev.ornet-service.com\/?page_id=5916"},"modified":"2024-09-25T10:55:45","modified_gmt":"2024-09-25T08:55:45","slug":"stack-entwicklung-tests-tools-und-plug-a-thons","status":"publish","type":"page","link":"https:\/\/ornet.org\/?page_id=5916","title":{"rendered":"(Stack-)Entwicklung, Tests, Tools und Plug-a-thons"},"content":{"rendered":"<div id='av_section_1'  class='avia-section av-3lt9l8-0c3d719419f365a0484f74193372b2a7 main_color avia-section-default avia-no-border-styling  avia-builder-el-0  avia-builder-el-no-sibling  avia-bg-style-scroll container_wrap sidebar_right'  ><div class='container av-section-cont-open' ><main  role=\"main\" itemprop=\"mainContentOfPage\"  class='template-page content  av-content-small alpha units'><div class='post-entry post-entry-type-page post-entry-5916'><div class='entry-content-wrapper clearfix'>\n\n<style type=\"text\/css\" data-created_by=\"avia_inline_auto\" id=\"style-css-av-m1hkeq6w-1ee667ff13adbf3e255c5de3c73e1ef8\">\n.av_font_icon.av-m1hkeq6w-1ee667ff13adbf3e255c5de3c73e1ef8 .av-icon-char{\nfont-size:40px;\nline-height:40px;\nwidth:40px;\n}\n<\/style>\n<span  class='av_font_icon av-m1hkeq6w-1ee667ff13adbf3e255c5de3c73e1ef8 avia_animate_when_visible av-icon-style-border avia-icon-pos-center avia-iconfont avia-font-entypo-fontello av-no-color avia-icon-animate'><span class='av-icon-char' data-av_icon='\ue8ae' data-av_iconfont='entypo-fontello' aria-hidden=\"true\" ><\/span><\/span>\n\n<style type=\"text\/css\" data-created_by=\"avia_inline_auto\" id=\"style-css-av-m1hkfzuk-96e24703cf3ad1d5dbf13e4293fcfe0a\">\n#top .hr.hr-invisible.av-m1hkfzuk-96e24703cf3ad1d5dbf13e4293fcfe0a{\nheight:30px;\n}\n<\/style>\n<div  class='hr av-m1hkfzuk-96e24703cf3ad1d5dbf13e4293fcfe0a hr-invisible  avia-builder-el-2  el_after_av_font_icon  el_before_av_textblock '><span class='hr-inner '><span class=\"hr-inner-style\"><\/span><\/span><\/div>\n\n<style type=\"text\/css\" data-created_by=\"avia_inline_auto\" id=\"style-css-av-m1hkf90s-5868f99c5e2dd40c343b35cbcd3ea775\">\n#top .av_textblock_section.av-m1hkf90s-5868f99c5e2dd40c343b35cbcd3ea775 .avia_textblock{\ncolor:#104370;\n}\n<\/style>\n<section  class='av_textblock_section av-m1hkf90s-5868f99c5e2dd40c343b35cbcd3ea775 '   itemscope=\"itemscope\" itemtype=\"https:\/\/schema.org\/CreativeWork\" ><div class='avia_textblock av_inherit_color'  itemprop=\"text\" ><div class=\"vc_row wpb_row vc_row-fluid vc_row-stretch\" data-vc-full-width=\"true\" data-vc-full-width-init=\"true\">\n<div class=\"wpb_column vc_column_container vc_col-sm-12\">\n<div class=\"vc_column-inner \">\n<div class=\"wpb_wrapper\">\n<div class=\"vntd-icon-box vntd-content-element box-centered-circle icon-size-medium box-centered\">\n<div class=\"icon-box-content\">\n<h3 class=\"icon-box-title\" style=\"text-align: center;\"><strong>(Stack-)Entwicklung, Tests, Tools und Plug-a-thons<\/strong><\/h3>\n<\/div>\n<\/div>\n<\/div>\n<\/div>\n<\/div>\n<\/div>\n<\/div><\/section>\n\n<style type=\"text\/css\" data-created_by=\"avia_inline_auto\" id=\"style-css-av-m1hkqbsp-09dac841a114348b604cfb55d950b77d\">\n#top .hr.hr-invisible.av-m1hkqbsp-09dac841a114348b604cfb55d950b77d{\nheight:30px;\n}\n<\/style>\n<div  class='hr av-m1hkqbsp-09dac841a114348b604cfb55d950b77d hr-invisible  avia-builder-el-4  el_after_av_textblock  el_before_av_toggle_container '><span class='hr-inner '><span class=\"hr-inner-style\"><\/span><\/span><\/div>\n\n<style type=\"text\/css\" data-created_by=\"avia_inline_auto\" id=\"style-css-av-m1hkmxqq-c27d0fb8c6a62e784d908eb02e6b102d\">\n#top .togglecontainer.av-m1hkmxqq-c27d0fb8c6a62e784d908eb02e6b102d p.toggler.activeTitle{\ncolor:#104370;\nborder-color:#104370;\n}\n<\/style>\n<div  class='togglecontainer av-m1hkmxqq-c27d0fb8c6a62e784d908eb02e6b102d av-elegant-toggle  avia-builder-el-5  el_after_av_hr  avia-builder-el-last  hasCurrentStyle' >\n<section class='av_toggle_section av-m1hkmj7s-84883bf3e3f9b405278eeeff26b15bae'  itemscope=\"itemscope\" itemtype=\"https:\/\/schema.org\/CreativeWork\" ><div role=\"tablist\" class=\"single_toggle\" data-tags=\"{Alle} \"  ><p id='toggle-toggle-id-1' data-fake-id='#toggle-id-1' class='toggler  activeTitle av-title-above '  itemprop=\"headline\"  role='tab' tabindex='0' aria-controls='toggle-id-1' data-slide-speed=\"200\" data-title=\"Aufgaben der Arbeitsgruppe\" data-title-open=\"\" data-aria_collapsed=\"Click to expand: Aufgaben der Arbeitsgruppe\" data-aria_expanded=\"Click to collapse: Aufgaben der Arbeitsgruppe\">Aufgaben der Arbeitsgruppe<span class=\"toggle_icon\"><span class=\"vert_icon\"><\/span><span class=\"hor_icon\"><\/span><\/span><\/p><div id='toggle-id-1' aria-labelledby='toggle-toggle-id-1' role='region' class='toggle_wrap  active_tc av-title-above' style='display:block;' ><div class='toggle_content invers-color '  itemprop=\"text\" ><ul>\n<li>Regelm\u00e4\u00dfige Organisation und Durchf\u00fchrung von Plug-a-thons (hybrid und virtuell) auch unter Nutzung und Weiterentwicklung von Testtools<\/li>\n<li>Pflege und Weiterentwicklung der Plug-a-thon-Testspezifikationen<\/li>\n<li>\u00dcberf\u00fchrung von gefundenen Problemen in den Normen in die AG Standardisierung \/ Profilierung<\/li>\n<li>Verwaltung \/ Darstellung bekannter SDC-Stacks und SDC-Tools<\/li>\n<\/ul>\n<\/div><\/div><\/div><\/section>\n<section class='av_toggle_section av-m1hkmwfh-ed61f57d2784564ed451724ed069de66'  itemscope=\"itemscope\" itemtype=\"https:\/\/schema.org\/CreativeWork\" ><div role=\"tablist\" class=\"single_toggle\" data-tags=\"{Alle} \"  ><p id='toggle-toggle-id-2' data-fake-id='#toggle-id-2' class='toggler  av-title-above '  itemprop=\"headline\"  role='tab' tabindex='0' aria-controls='toggle-id-2' data-slide-speed=\"200\" data-title=\"Ansprechperson\" data-title-open=\"\" data-aria_collapsed=\"Click to expand: Ansprechperson\" data-aria_expanded=\"Click to collapse: Ansprechperson\">Ansprechperson<span class=\"toggle_icon\"><span class=\"vert_icon\"><\/span><span class=\"hor_icon\"><\/span><\/span><\/p><div id='toggle-id-2' aria-labelledby='toggle-toggle-id-2' role='region' class='toggle_wrap  av-title-above'  ><div class='toggle_content invers-color '  itemprop=\"text\" ><p>Bitte richten Sie Fragen zu Themen dieser Arbeitsgruppe oder Anfragen zur Mitarbeit direkt an die entsprechenden Ansprechpersonen.<\/p>\n<p><br class=\"avia-permanent-lb\" \/>Sebastian B\u00fcrger: buerger@ornet.org<\/p>\n<p><br class=\"avia-permanent-lb\" \/>David Gregorczyk: david.gregorczyk@draeger.com<\/p>\n<\/div><\/div><\/div><\/section>\n<\/div>\n<\/div><\/div><\/main><!-- close content main element --><\/div><\/div><div id='after_section_1'  class='main_color av_default_container_wrap container_wrap sidebar_right'  ><div class='container av-section-cont-open' ><div class='template-page content  av-content-small alpha units'><div class='post-entry post-entry-type-page post-entry-5916'><div class='entry-content-wrapper clearfix'>\n","protected":false},"excerpt":{"rendered":"","protected":false},"author":2,"featured_media":0,"parent":5906,"menu_order":0,"comment_status":"closed","ping_status":"closed","template":"","meta":{"footnotes":""},"class_list":["post-5916","page","type-page","status-publish","hentry"],"_links":{"self":[{"href":"https:\/\/ornet.org\/index.php?rest_route=\/wp\/v2\/pages\/5916","targetHints":{"allow":["GET"]}}],"collection":[{"href":"https:\/\/ornet.org\/index.php?rest_route=\/wp\/v2\/pages"}],"about":[{"href":"https:\/\/ornet.org\/index.php?rest_route=\/wp\/v2\/types\/page"}],"author":[{"embeddable":true,"href":"https:\/\/ornet.org\/index.php?rest_route=\/wp\/v2\/users\/2"}],"replies":[{"embeddable":true,"href":"https:\/\/ornet.org\/index.php?rest_route=%2Fwp%2Fv2%2Fcomments&post=5916"}],"version-history":[{"count":10,"href":"https:\/\/ornet.org\/index.php?rest_route=\/wp\/v2\/pages\/5916\/revisions"}],"predecessor-version":[{"id":6095,"href":"https:\/\/ornet.org\/index.php?rest_route=\/wp\/v2\/pages\/5916\/revisions\/6095"}],"up":[{"embeddable":true,"href":"https:\/\/ornet.org\/index.php?rest_route=\/wp\/v2\/pages\/5906"}],"wp:attachment":[{"href":"https:\/\/ornet.org\/index.php?rest_route=%2Fwp%2Fv2%2Fmedia&parent=5916"}],"curies":[{"name":"wp","href":"https:\/\/api.w.org\/{rel}","templated":true}]}}